{"id":359,"date":"2021-05-21T09:54:19","date_gmt":"2021-05-21T07:54:19","guid":{"rendered":"http:\/\/phf.dk\/?page_id=359"},"modified":"2025-08-20T11:43:50","modified_gmt":"2025-08-20T09:43:50","slug":"priser","status":"publish","type":"page","link":"https:\/\/phf.dk\/index.php\/priser\/","title":{"rendered":"Priser"},"content":{"rendered":"\n<figure class=\"wp-block-table alignwide is-style-regular\"><table><tbody><tr><td><strong>Privat betaling<\/strong><\/td><td class=\"has-text-align-center\" data-align=\"center\"><strong>Pris<\/strong><\/td><td class=\"has-text-align-center\" data-align=\"center\"><strong>Tilskud fra danmark*<\/strong><\/td><\/tr><tr><td>Individuel konsultation (45-50 min)<\/td><td class=\"has-text-align-center\" data-align=\"center\">1100<\/td><td class=\"has-text-align-center\" data-align=\"center\">300-450<\/td><\/tr><tr><td>Parkonsultation (70-75 min)<\/td><td class=\"has-text-align-center\" data-align=\"center\">1575<\/td><td class=\"has-text-align-center\" data-align=\"center\">300-450<\/td><\/tr><tr><td><\/td><td class=\"has-text-align-center\" data-align=\"center\"><\/td><td class=\"has-text-align-center\" data-align=\"center\"><\/td><\/tr><tr><td><strong>Med henvisning fra egen l\u00e6ge<\/strong><\/td><td class=\"has-text-align-center\" data-align=\"center\"><\/td><td class=\"has-text-align-center\" data-align=\"center\"><\/td><\/tr><tr><td>1. konsultation med henvisning<\/td><td class=\"has-text-align-center\" data-align=\"center\">469,86<\/td><td class=\"has-text-align-center\" data-align=\"center\">200<\/td><\/tr><tr><td>Efterf\u00f8lgende konsultationer med henvisning<\/td><td class=\"has-text-align-center\" data-align=\"center\">391,80<\/td><td class=\"has-text-align-center\" data-align=\"center\">200<\/td><\/tr><tr><td>* <a rel=\"noreferrer noopener\" href=\"https:\/\/www.sygeforsikring.dk\/tilskud\/psykologhjaelp\" target=\"_blank\">L\u00e6s mere her om tilskud fra Sygeforsikring danmark<\/a><\/td><td class=\"has-text-align-center\" data-align=\"center\"><\/td><td class=\"has-text-align-center\" data-align=\"center\"><\/td><\/tr><tr><td><\/td><td class=\"has-text-align-center\" data-align=\"center\"><\/td><td class=\"has-text-align-center\" data-align=\"center\"><\/td><\/tr><tr><td><strong>Supervision<\/strong> <\/td><td class=\"has-text-align-center\" data-align=\"center\"><\/td><td class=\"has-text-align-center\" data-align=\"center\"><\/td><\/tr><tr><td>Individuel supervision (pr. time)<\/td><td class=\"has-text-align-center\" data-align=\"center\">1300<\/td><td class=\"has-text-align-center\" data-align=\"center\"><\/td><\/tr><tr><td>Parsupervision (pr. time)<\/td><td class=\"has-text-align-center\" data-align=\"center\">1550<\/td><td class=\"has-text-align-center\" data-align=\"center\"><\/td><\/tr><tr><td>Gruppesupervision (3-6 pers, pr. time)<\/td><td class=\"has-text-align-center\" data-align=\"center\">1750<\/td><td class=\"has-text-align-center\" data-align=\"center\"><\/td><\/tr><tr><td>Intensivt supervisionsforl\u00f8b mod autorisation (40 timer, pr. pers)<\/td><td class=\"has-text-align-center\" data-align=\"center\">26000<\/td><td class=\"has-text-align-center\" data-align=\"center\"><a href=\"http:\/\/phf.dk\/index.php\/40-timers-intensive-supervisionsforloeb\/\">Se mere<\/a><\/td><\/tr><tr><td>ONLINE Intensivt supervisionsforl\u00f8b mod autorisation (40 timer, pr. pers) <\/td><td class=\"has-text-align-center\" data-align=\"center\">24000<\/td><td class=\"has-text-align-center\" data-align=\"center\"><a href=\"https:\/\/phf.dk\/index.php\/online-supervisionsforloeb-mod-autorisation\/\">Se mere<\/a><\/td><\/tr><\/tbody><\/table><\/figure>\n\n\n\n<p><\/p>\n\n\n\n<p><\/p>\n","protected":false},"excerpt":{"rendered":"<p>Privat betaling Pris Tilskud fra danmark* Individuel konsultation (45-50 min) 1100 300-450 Parkonsultation (70-75 min) 1575 300-450 Med henvisning fra egen l\u00e6ge 1. konsultation med henvisning 469,86 200 Efterf\u00f8lgende konsultationer med henvisning 391,80 200 * L\u00e6s mere her om tilskud fra Sygeforsikring danmark Supervision Individuel supervision (pr. time) 1300 Parsupervision [&hellip;]<\/p>\n","protected":false},"author":1,"featured_media":361,"parent":0,"menu_order":0,"comment_status":"closed","ping_status":"closed","template":"","meta":{"_uag_custom_page_level_css":"","_themeisle_gutenberg_block_has_review":false,"footnotes":""},"class_list":["post-359","page","type-page","status-publish","has-post-thumbnail","hentry"],"uagb_featured_image_src":{"full":["https:\/\/phf.dk\/wp-content\/uploads\/2021\/05\/2015-08-23-15.59.34-Klaksvi\u0301k-scaled.jpg",2560,1242,false],"thumbnail":["https:\/\/phf.dk\/wp-content\/uploads\/2021\/05\/2015-08-23-15.59.34-Klaksvi\u0301k-150x150.jpg",150,150,true],"medium":["https:\/\/phf.dk\/wp-content\/uploads\/2021\/05\/2015-08-23-15.59.34-Klaksvi\u0301k-300x145.jpg",300,145,true],"medium_large":["https:\/\/phf.dk\/wp-content\/uploads\/2021\/05\/2015-08-23-15.59.34-Klaksvi\u0301k-768x372.jpg",750,363,true],"large":["https:\/\/phf.dk\/wp-content\/uploads\/2021\/05\/2015-08-23-15.59.34-Klaksvi\u0301k-1024x497.jpg",750,364,true],"1536x1536":["https:\/\/phf.dk\/wp-content\/uploads\/2021\/05\/2015-08-23-15.59.34-Klaksvi\u0301k-1536x745.jpg",1536,745,true],"2048x2048":["https:\/\/phf.dk\/wp-content\/uploads\/2021\/05\/2015-08-23-15.59.34-Klaksvi\u0301k-2048x993.jpg",2048,993,true],"hestia-blog":["https:\/\/phf.dk\/wp-content\/uploads\/2021\/05\/2015-08-23-15.59.34-Klaksvi\u0301k-360x240.jpg",360,240,true]},"uagb_author_info":{"display_name":"Niels Baden","author_link":"https:\/\/phf.dk\/index.php\/author\/admin\/"},"uagb_comment_info":0,"uagb_excerpt":"Privat betaling Pris Tilskud fra danmark* Individuel konsultation (45-50 min) 1100 300-450 Parkonsultation (70-75 min) 1575 300-450 Med henvisning fra egen l\u00e6ge 1. konsultation med henvisning 469,86 200 Efterf\u00f8lgende konsultationer med henvisning 391,80 200 * L\u00e6s mere her om tilskud fra Sygeforsikring danmark Supervision Individuel supervision (pr. time) 1300 Parsupervision [&hellip;]","_links":{"self":[{"href":"https:\/\/phf.dk\/index.php\/wp-json\/wp\/v2\/pages\/359","targetHints":{"allow":["GET"]}}],"collection":[{"href":"https:\/\/phf.dk\/index.php\/wp-json\/wp\/v2\/pages"}],"about":[{"href":"https:\/\/phf.dk\/index.php\/wp-json\/wp\/v2\/types\/page"}],"author":[{"embeddable":true,"href":"https:\/\/phf.dk\/index.php\/wp-json\/wp\/v2\/users\/1"}],"replies":[{"embeddable":true,"href":"https:\/\/phf.dk\/index.php\/wp-json\/wp\/v2\/comments?post=359"}],"version-history":[{"count":17,"href":"https:\/\/phf.dk\/index.php\/wp-json\/wp\/v2\/pages\/359\/revisions"}],"predecessor-version":[{"id":1048,"href":"https:\/\/phf.dk\/index.php\/wp-json\/wp\/v2\/pages\/359\/revisions\/1048"}],"wp:featuredmedia":[{"embeddable":true,"href":"https:\/\/phf.dk\/index.php\/wp-json\/wp\/v2\/media\/361"}],"wp:attachment":[{"href":"https:\/\/phf.dk\/index.php\/wp-json\/wp\/v2\/media?parent=359"}],"curies":[{"name":"wp","href":"https:\/\/api.w.org\/{rel}","templated":true}]}}