{"id":1045,"date":"2025-08-20T11:43:19","date_gmt":"2025-08-20T09:43:19","guid":{"rendered":"https:\/\/phf.dk\/?page_id=1045"},"modified":"2025-08-20T11:43:19","modified_gmt":"2025-08-20T09:43:19","slug":"online-supervisionsforloeb-mod-autorisation","status":"publish","type":"page","link":"https:\/\/phf.dk\/index.php\/online-supervisionsforloeb-mod-autorisation\/","title":{"rendered":"Online supervisionsforl\u00f8b mod autorisation"},"content":{"rendered":"\n<p><strong><em>40 timer over 6-8 dage (kan tilrettel\u00e6gges anderledes efter aftale)<br><\/em><\/strong><em><strong>Pris pr. deltager 24000,- ved 2 personer<\/strong><\/em><\/p>\n\n\n\n<p>Med s\u00e6rligt fokus p\u00e5 at <em><mark style=\"background-color:rgba(0, 0, 0, 0);color:#265476\" class=\"has-inline-color\">udvikle og styrke personlige ressourcer<\/mark><\/em> til at navigere i <em><mark style=\"background-color:rgba(0, 0, 0, 0);color:#265476\" class=\"has-inline-color\">rollen som psykolog<\/mark><\/em> \u2013 fx. at h\u00e5ndtere sv\u00e6re sager og slippe dem igen, passe p\u00e5 sig selv og bevare gr\u00e6nser og integritet.<\/p>\n\n\n\n<p>H\u00f8j faglighed baseret p\u00e5 evidensbaserede behandlingsformer.<\/p>\n\n\n\n<p>Skr\u00e6ddersyede forl\u00f8b med udgangspunkt i teori og metoder fra <em><span style=\"color:#265476\" class=\"has-inline-color\">kognitiv adf\u00e6rdsterapi og compassion-fokuseret terapi <\/span><\/em>(CFT), samt intensiv dynamisk korttidsterapi (ISTDP).<\/p>\n\n\n\n<p>Online supervision fungerer effektivt. Relevante modeller og arbejdsskemaer er tilpasset arbejdet p\u00e5 delt sk\u00e6rm.<\/p>\n\n\n\n<p>Solid erfaring med behandling i privat praksis med og uden ydernummer, samt indenfor besk\u00e6ftigelsesomr\u00e5det, og herunder interventioner ved: <\/p>\n\n\n\n<ul class=\"wp-block-list\">\n<li>Angstlidelser (inkl. OCD)<\/li>\n\n\n\n<li>Depression <\/li>\n\n\n\n<li>Stress<\/li>\n\n\n\n<li>Sorg<\/li>\n\n\n\n<li>PTSD (bearbejdning af traumer\/seksuelle overgreb)<\/li>\n\n\n\n<li>Alvorlig sygdom og kroniske lidelser (inkl. p\u00e5r\u00f8rende dertil)<\/li>\n\n\n\n<li>Akutte traumer, ofre for vold, ulykker, etc.<\/li>\n<\/ul>\n\n\n\n<p>Desuden bredt kendskab til h\u00e5ndtering af personer med personlighedsforstyrrelser, ADHD, ADD og autismespektrumlidelser. <\/p>\n\n\n\n<p>Forl\u00f8bene afholdes af Psykolog Niels Baden &#8211; <a href=\"http:\/\/phf.dk\/index.php\/psykolog-niels-baden\/\">l\u00e6s mere om ham her<\/a><br>Eller kontakt p\u00e5: 42426202 \/ <a href=\"mailto:nb@phf.dk\">nb@phf.dk<\/a><\/p>\n\n\n\n<div class=\"wp-block-group\"><div class=\"wp-block-group__inner-container is-layout-constrained wp-block-group-is-layout-constrained\">\n<h5 class=\"wp-block-heading has-header-gradient-color has-text-color\">Feedback fra tidligere supervisander<\/h5>\n\n\n\n<p class=\"has-text-color\" style=\"color:#6f0303\"><em>&#8220;Utroligt behagelig og faglig kompetent! Jeg har v\u00e6ret tryg hele vejen igennem (b\u00e5de ved din faglighed og din empatiske tilgang til mig og mit virke).&#8221;<\/em><\/p>\n\n\n\n<p class=\"has-text-color\" style=\"color:#6f0303\"><em>&#8220;Det har v\u00e6ret tilpas udfordrende og st\u00f8ttende og v\u00e6ret personligt i den m\u00e5de, vi har m\u00e6rket hinanden p\u00e5&#8221;<\/em><\/p>\n\n\n\n<p class=\"has-text-color\" style=\"color:#6f0303\"><em>&#8220;Dejlig uformel og uh\u00f8jtidelig stemning, men med h\u00f8j faglig viden fra Niels&#8217; side&#8221;<\/em><\/p>\n<\/div><\/div>\n\n\n\n<div style=\"height:70px\" aria-hidden=\"true\" class=\"wp-block-spacer\"><\/div>\n\n\n\n<div class=\"wp-block-buttons alignfull is-horizontal is-content-justification-center is-layout-flex wp-container-core-buttons-is-layout-03627597 wp-block-buttons-is-layout-flex\">\n<div class=\"wp-block-button is-style-fill\"><a class=\"wp-block-button__link has-white-color has-text-color has-background wp-element-button\" href=\"mailto:kontakt@pspb.dk?subject=Ang. intensive%20supervisionsforl\u00f8b\" style=\"background-color:#265476\" target=\"_blank\" rel=\"noreferrer noopener\"><strong>Er du interesseret? Skriv en mail og fort\u00e6l om dig selv og dine \u00f8nsker&#8230;<\/strong><\/a><\/div>\n<\/div>\n\n\n\n<div style=\"height:70px\" aria-hidden=\"true\" class=\"wp-block-spacer\"><\/div>\n","protected":false},"excerpt":{"rendered":"<p>40 timer over 6-8 dage (kan tilrettel\u00e6gges anderledes efter aftale)Pris pr. deltager 24000,- ved 2 personer Med s\u00e6rligt fokus p\u00e5 at udvikle og styrke personlige ressourcer til at navigere i rollen som psykolog \u2013 fx. at h\u00e5ndtere sv\u00e6re sager og slippe dem igen, passe p\u00e5 sig selv og bevare gr\u00e6nser [&hellip;]<\/p>\n","protected":false},"author":1,"featured_media":423,"parent":0,"menu_order":0,"comment_status":"closed","ping_status":"closed","template":"","meta":{"_uag_custom_page_level_css":"","_themeisle_gutenberg_block_has_review":false,"footnotes":""},"class_list":["post-1045","page","type-page","status-publish","has-post-thumbnail","hentry"],"uagb_featured_image_src":{"full":["https:\/\/phf.dk\/wp-content\/uploads\/2021\/05\/2015-08-22-16.33.06-Hoyvi\u0301k_002-scaled.jpg",2560,1117,false],"thumbnail":["https:\/\/phf.dk\/wp-content\/uploads\/2021\/05\/2015-08-22-16.33.06-Hoyvi\u0301k_002-150x150.jpg",150,150,true],"medium":["https:\/\/phf.dk\/wp-content\/uploads\/2021\/05\/2015-08-22-16.33.06-Hoyvi\u0301k_002-300x131.jpg",300,131,true],"medium_large":["https:\/\/phf.dk\/wp-content\/uploads\/2021\/05\/2015-08-22-16.33.06-Hoyvi\u0301k_002-768x335.jpg",750,327,true],"large":["https:\/\/phf.dk\/wp-content\/uploads\/2021\/05\/2015-08-22-16.33.06-Hoyvi\u0301k_002-1024x447.jpg",750,327,true],"1536x1536":["https:\/\/phf.dk\/wp-content\/uploads\/2021\/05\/2015-08-22-16.33.06-Hoyvi\u0301k_002-1536x670.jpg",1536,670,true],"2048x2048":["https:\/\/phf.dk\/wp-content\/uploads\/2021\/05\/2015-08-22-16.33.06-Hoyvi\u0301k_002-2048x893.jpg",2048,893,true],"hestia-blog":["https:\/\/phf.dk\/wp-content\/uploads\/2021\/05\/2015-08-22-16.33.06-Hoyvi\u0301k_002-360x240.jpg",360,240,true]},"uagb_author_info":{"display_name":"Niels Baden","author_link":"https:\/\/phf.dk\/index.php\/author\/admin\/"},"uagb_comment_info":0,"uagb_excerpt":"40 timer over 6-8 dage (kan tilrettel\u00e6gges anderledes efter aftale)Pris pr. deltager 24000,- ved 2 personer Med s\u00e6rligt fokus p\u00e5 at udvikle og styrke personlige ressourcer til at navigere i rollen som psykolog \u2013 fx. at h\u00e5ndtere sv\u00e6re sager og slippe dem igen, passe p\u00e5 sig selv og bevare gr\u00e6nser [&hellip;]","_links":{"self":[{"href":"https:\/\/phf.dk\/index.php\/wp-json\/wp\/v2\/pages\/1045","targetHints":{"allow":["GET"]}}],"collection":[{"href":"https:\/\/phf.dk\/index.php\/wp-json\/wp\/v2\/pages"}],"about":[{"href":"https:\/\/phf.dk\/index.php\/wp-json\/wp\/v2\/types\/page"}],"author":[{"embeddable":true,"href":"https:\/\/phf.dk\/index.php\/wp-json\/wp\/v2\/users\/1"}],"replies":[{"embeddable":true,"href":"https:\/\/phf.dk\/index.php\/wp-json\/wp\/v2\/comments?post=1045"}],"version-history":[{"count":1,"href":"https:\/\/phf.dk\/index.php\/wp-json\/wp\/v2\/pages\/1045\/revisions"}],"predecessor-version":[{"id":1047,"href":"https:\/\/phf.dk\/index.php\/wp-json\/wp\/v2\/pages\/1045\/revisions\/1047"}],"wp:featuredmedia":[{"embeddable":true,"href":"https:\/\/phf.dk\/index.php\/wp-json\/wp\/v2\/media\/423"}],"wp:attachment":[{"href":"https:\/\/phf.dk\/index.php\/wp-json\/wp\/v2\/media?parent=1045"}],"curies":[{"name":"wp","href":"https:\/\/api.w.org\/{rel}","templated":true}]}}